{"id":27946,"date":"2025-05-14T07:57:39","date_gmt":"2025-05-14T07:57:39","guid":{"rendered":"https:\/\/shrimptouch.com\/?post_type=product&#038;p=27946"},"modified":"2025-05-14T07:57:40","modified_gmt":"2025-05-14T07:57:40","slug":"hop-loc-day-mica-15x15x6cm-cho-ho-tep-loc-day-ho-thuy-sinh-mini-chong-tac-trong-suot-de-lap","status":"publish","type":"product","link":"https:\/\/shrimptouch.com\/index.php\/san-pham\/hop-loc-day-mica-15x15x6cm-cho-ho-tep-loc-day-ho-thuy-sinh-mini-chong-tac-trong-suot-de-lap\/","title":{"rendered":"H\u1ed9p L\u1ecdc \u0110\u00e1y Mica 15x15x6cm Cho H\u1ed3 T\u00e9p \u2013 L\u1ecdc \u0110\u00e1y H\u1ed3 Th\u1ee7y Sinh Mini Ch\u1ed1ng T\u1eafc, Trong Su\u1ed1t, D\u1ec5 L\u1eafp"},"content":{"rendered":"<p>\ud83d\udee0 H\u1ed9p L\u1ecdc \u0110\u00e1y Mica 15x15x6cm \u2013 L\u1ecdc \u0110\u00e1y H\u1ed3 T\u00e9p, L\u1ecdc \u0110\u00e1y H\u1ed3 Th\u1ee7y Sinh, Ch\u1ed1ng T\u1eafc N\u01b0\u1edbc<br \/>\n\ud83d\udce6 K\u00edch th\u01b0\u1edbc ti\u00eau chu\u1ea9n: 15x15x6 cm \u2013 ph\u00f9 h\u1ee3p v\u1edbi nhi\u1ec1u lo\u1ea1i h\u1ed3 k\u00ednh nu\u00f4i t\u00e9p mini<br \/>\n\ud83e\uddf1 Ch\u1ea5t li\u1ec7u: Mica trong su\u1ed1t cao c\u1ea5p, b\u1ec1n \u0111\u1eb9p, d\u1ec5 quan s\u00e1t \u2013 chuy\u00ean d\u00f9ng trong l\u1ecdc \u0111\u00e1y h\u1ed3 th\u1ee7y sinh v\u00e0 l\u1ecdc \u0111\u00e1y h\u1ed3 t\u00e9p<br \/>\n\ud83c\udf00 C\u1ea5u t\u1ea1o l\u1ecdc \u0111\u00e1y th\u00f4ng minh: Gi\u00fap n\u01b0\u1edbc l\u01b0u th\u00f4ng \u0111\u1ec1u, h\u1ea1n ch\u1ebf c\u1eb7n b\u1ea9n, t\u1ea1o m\u00f4i tr\u01b0\u1eddng l\u00fd t\u01b0\u1edfng cho t\u00e9p ong, t\u00e9p c\u1ea3nh, t\u00e9p \u0111\u1ecf, t\u00e9p RC v\u00e0 c\u00e1c lo\u1ea1i c\u00e1 c\u1ea3nh sinh tr\u01b0\u1edfng \u1ed5n \u0111\u1ecbnh.<\/p>\n<p>\ud83d\udd0d T\u00ednh n\u0103ng n\u1ed5i b\u1eadt c\u1ee7a h\u1ed9p l\u1ecdc \u0111\u00e1y mica:<br \/>\n\u2705 H\u1ed9p l\u1ecdc \u0111\u00e1y ch\u1ed1ng t\u1eafc hi\u1ec7u qu\u1ea3: \u0110\u00e1y h\u1ed9p \u0111\u01b0\u1ee3c khoan l\u1ed7 \u0111\u1ec1u, tr\u00e1nh t\u00ecnh tr\u1ea1ng ngh\u1eb9t ph\u00e2n n\u1ec1n, duy tr\u00ec d\u00f2ng ch\u1ea3y t\u1ed1t<\/p>\n<p>\u2705 T\u1ed1i \u01b0u cho c\u00e1c d\u00f2ng l\u1ecdc \u0111\u00e1y h\u1ed3 t\u00e9p mini: Gi\u00fap h\u1ec7 vi sinh ph\u00e1t tri\u1ec3n, n\u01b0\u1edbc trong l\u00e2u h\u01a1n, ti\u1ebft ki\u1ec7m c\u00f4ng b\u1ea3o tr\u00ec<\/p>\n<p>\u2705 T\u01b0\u01a1ng th\u00edch nhi\u1ec1u lo\u1ea1i n\u1ec1n c\u00f3 k\u00edch th\u01b0\u1edbc h\u1ea1t t\u1eeb 1mm tr\u1edf l\u00ean: D\u00f9ng t\u1ed1t v\u1edbi ph\u00e2n n\u1ec1n GEX, ph\u00e2n n\u1ec1n ADA, Sulasand, Akadama v\u00e0 c\u00e1c lo\u1ea1i n\u1ec1n chuy\u00ean nu\u00f4i t\u00e9p.<\/p>\n<p>\u2705 Ph\u00f9 h\u1ee3p c\u1ea3 ng\u01b0\u1eddi ch\u01a1i m\u1edbi l\u1eabn chuy\u00ean nghi\u1ec7p: Thi\u1ebft k\u1ebf g\u1ecdn nh\u1eb9, d\u1ec5 l\u1eafp \u0111\u1eb7t \u2013 \u0111\u1eb7c bi\u1ec7t ph\u00f9 h\u1ee3p v\u1edbi nh\u1eefng h\u1ed3 nh\u1ecf, h\u1ed3 tr\u01b0ng b\u00e0y, shrimp tank mini<\/p>\n<p>\u2705 L\u1ecdc \u0111\u00e1y mica 15&#215;15 nh\u1ecf g\u1ecdn nh\u01b0ng c\u1ef1c k\u1ef3 hi\u1ec7u qu\u1ea3 \u2013 \u0111\u00e3 \u0111\u01b0\u1ee3c nhi\u1ec1u ng\u01b0\u1eddi ch\u01a1i t\u00e9p s\u1eed d\u1ee5ng v\u00e0 \u0111\u00e1nh gi\u00e1 cao<\/p>\n<p>\ud83d\udccc Th\u00f4ng tin k\u1ef9 thu\u1eadt:<br \/>\nK\u00edch th\u01b0\u1edbc: 15x15x6cm<\/p>\n<p>Ch\u1ea5t li\u1ec7u: Mica trong, \u1ed1ng nh\u1ef1a PVC ch\u1ed1ng g\u00e3y<\/p>\n<p>Bao g\u1ed3m: Th\u00e2n h\u1ed9p, \u1ed1ng h\u00fat \u0111\u00e1y, \u0111\u1ea7u x\u1ea3 ch\u1eef L<\/p>\n<p>\u1ee8ng d\u1ee5ng: L\u1ecdc \u0111\u00e1y h\u1ed3 nu\u00f4i t\u00e9p, l\u1ecdc \u0111\u00e1y t\u00e9p ong, l\u1ecdc \u0111\u00e1y ch\u1ed1ng t\u1eafc ngh\u1ebdn, l\u1ecdc \u0111\u00e1y h\u1ed3 th\u1ee7y sinh mini<\/p>\n<p>l\u1ecdc \u0111\u00e1y mica, l\u1ecdc \u0111\u00e1y h\u1ed3 t\u00e9p, l\u1ecdc \u0111\u00e1y ch\u1ed1ng t\u1eafc, l\u1ecdc \u0111\u00e1y h\u1ed3 th\u1ee7y sinh, l\u1ecdc \u0111\u00e1y mini, l\u1ecdc \u0111\u00e1y h\u1ed3 t\u00e9p ong, l\u1ecdc \u0111\u00e1y ph\u00e2n n\u1ec1n, l\u1ecdc \u0111\u00e1y 15&#215;15, shrimp tank l\u1ecdc \u0111\u00e1y, l\u1ecdc \u0111\u00e1y cho t\u00e9p c\u1ea3nh<\/p>\n<p>Views: 159<\/p>","protected":false},"excerpt":{"rendered":"<p>\ud83d\udee0 H\u1ed9p L\u1ecdc \u0110\u00e1y Mica 15x15x6cm \u2013 L\u1ecdc \u0110\u00e1y H\u1ed3 T\u00e9p, L\u1ecdc \u0110\u00e1y H\u1ed3 Th\u1ee7y Sinh, Ch\u1ed1ng T\u1eafc N\u01b0\u1edbc \ud83d\udce6<\/p>\n","protected":false},"featured_media":0,"comment_status":"open","ping_status":"closed","template":"","meta":[],"product_cat":[182],"product_tag":[],"class_list":{"0":"post-27946","1":"product","2":"type-product","3":"status-publish","5":"product_cat-chua-phan-loai","7":"first","8":"instock","9":"taxable","10":"shipping-taxable","11":"purchasable","12":"product-type-simple"},"jetpack_sharing_enabled":true,"_links":{"self":[{"href":"https:\/\/shrimptouch.com\/index.php\/wp-json\/wp\/v2\/product\/27946","targetHints":{"allow":["GET"]}}],"collection":[{"href":"https:\/\/shrimptouch.com\/index.php\/wp-json\/wp\/v2\/product"}],"about":[{"href":"https:\/\/shrimptouch.com\/index.php\/wp-json\/wp\/v2\/types\/product"}],"replies":[{"embeddable":true,"href":"https:\/\/shrimptouch.com\/index.php\/wp-json\/wp\/v2\/comments?post=27946"}],"version-history":[{"count":1,"href":"https:\/\/shrimptouch.com\/index.php\/wp-json\/wp\/v2\/product\/27946\/revisions"}],"predecessor-version":[{"id":27953,"href":"https:\/\/shrimptouch.com\/index.php\/wp-json\/wp\/v2\/product\/27946\/revisions\/27953"}],"wp:attachment":[{"href":"https:\/\/shrimptouch.com\/index.php\/wp-json\/wp\/v2\/media?parent=27946"}],"wp:term":[{"taxonomy":"product_cat","embeddable":true,"href":"https:\/\/shrimptouch.com\/index.php\/wp-json\/wp\/v2\/product_cat?post=27946"},{"taxonomy":"product_tag","embeddable":true,"href":"https:\/\/shrimptouch.com\/index.php\/wp-json\/wp\/v2\/product_tag?post=27946"}],"curies":[{"name":"wp","href":"https:\/\/api.w.org\/{rel}","templated":true}]}}