{"id":27718,"date":"2024-10-16T10:51:08","date_gmt":"2024-10-16T10:51:08","guid":{"rendered":"https:\/\/shrimptouch.com\/?post_type=product&#038;p=27718"},"modified":"2026-01-02T16:15:16","modified_gmt":"2026-01-02T16:15:16","slug":"thuc-an-tep-canh-spinach-goi-50gr","status":"publish","type":"product","link":"https:\/\/shrimptouch.com\/index.php\/san-pham\/thuc-an-tep-canh-spinach-goi-50gr\/","title":{"rendered":"TH\u1ee8C \u0102N T\u00c9P C\u1ea2NH &#8211; SPINACH (g\u00f3i 50gr)"},"content":{"rendered":"<p><strong>Spinach c\u1ee7a Shrimp Touch<\/strong> l\u00e0 th\u1ee9c \u0103n t\u00e9p c\u1ea3nh dinh d\u01b0\u1ee1ng h\u1eb1ng ng\u00e0y d\u00e0nh cho t\u00e9p, \u0111\u1eb7c bi\u1ec7t ph\u00f9 h\u1ee3p v\u1edbi t\u00e9p m\u00e1i \u0111ang trong giai \u0111o\u1ea1n sinh s\u1ea3n. S\u1ea3n ph\u1ea9m n\u00e0y \u0111\u01b0\u1ee3c l\u00e0m t\u1eeb rau bina t\u1ef1 nhi\u00ean, cung c\u1ea5p c\u00e1c d\u01b0\u1ee1ng ch\u1ea5t quan tr\u1ecdng nh\u01b0 ch\u1ea5t x\u01a1, vitamin, v\u00e0 kho\u00e1ng ch\u1ea5t, gi\u00fap h\u1ed7 tr\u1ee3 s\u1ef1 ph\u00e1t tri\u1ec3n v\u00e0 t\u0103ng c\u01b0\u1eddng s\u1ee9c kh\u1ecfe c\u1ee7a t\u00e9p, \u0111\u1eb7c bi\u1ec7t l\u00e0 \u0111\u1ed1i v\u1edbi t\u00e9p m\u00e1i. D\u01b0\u1edbi \u0111\u00e2y l\u00e0 c\u00e1c l\u1ee3i \u00edch n\u1ed5i b\u1eadt c\u1ee7a s\u1ea3n ph\u1ea9m Spinach:<\/p>\n<h3>1. <strong>Gi\u00e0u ch\u1ea5t x\u01a1 h\u1ed7 tr\u1ee3 h\u1ec7 ti\u00eau h\u00f3a<\/strong><\/h3>\n<p>V\u1edbi th\u00e0nh ph\u1ea7n ch\u00ednh l\u00e0 rau bina, Spinach cung c\u1ea5p l\u01b0\u1ee3ng ch\u1ea5t x\u01a1 d\u1ed3i d\u00e0o, gi\u00fap h\u1ed7 tr\u1ee3 h\u1ec7 ti\u00eau h\u00f3a c\u1ee7a t\u00e9p. Ch\u1ea5t x\u01a1 kh\u00f4ng ch\u1ec9 gi\u00fap duy tr\u00ec s\u1ef1 c\u00e2n b\u1eb1ng vi khu\u1ea9n \u0111\u01b0\u1eddng ru\u1ed9t m\u00e0 c\u00f2n c\u1ea3i thi\u1ec7n kh\u1ea3 n\u0103ng h\u1ea5p th\u1ee5 dinh d\u01b0\u1ee1ng. \u0110i\u1ec1u n\u00e0y r\u1ea5t quan tr\u1ecdng cho t\u00e9p m\u00e1i, gi\u00fap ch\u00fang duy tr\u00ec s\u1ee9c kh\u1ecfe \u1ed5n \u0111\u1ecbnh trong su\u1ed1t qu\u00e1 tr\u00ecnh sinh s\u1ea3n.<\/p>\n<h3>2. <strong>T\u0103ng c\u01b0\u1eddng s\u1ee9c kh\u1ecfe v\u00e0 kh\u1ea3 n\u0103ng sinh s\u1ea3n cho t\u00e9p m\u00e1i<\/strong><\/h3>\n<p>Spinach ch\u1ee9a nhi\u1ec1u vitamin v\u00e0 kho\u00e1ng ch\u1ea5t thi\u1ebft y\u1ebfu, bao g\u1ed3m vitamin A, C, v\u00e0 K, c\u00f9ng v\u1edbi c\u00e1c kho\u00e1ng ch\u1ea5t nh\u01b0 canxi v\u00e0 s\u1eaft. Nh\u1eefng d\u01b0\u1ee1ng ch\u1ea5t n\u00e0y h\u1ed7 tr\u1ee3 s\u1ef1 ph\u00e1t tri\u1ec3n c\u1ee7a tr\u1ee9ng v\u00e0 t\u0103ng c\u01b0\u1eddng s\u1ee9c \u0111\u1ec1 kh\u00e1ng, gi\u00fap t\u00e9p m\u00e1i kh\u1ecfe m\u1ea1nh v\u00e0 c\u1ea3i thi\u1ec7n kh\u1ea3 n\u0103ng sinh s\u1ea3n. \u0110i\u1ec1u n\u00e0y gi\u00fap t\u1ed1i \u01b0u h\u00f3a t\u1ef7 l\u1ec7 s\u1ed1ng s\u00f3t c\u1ee7a tr\u1ee9ng v\u00e0 mang l\u1ea1i k\u1ebft qu\u1ea3 nu\u00f4i d\u01b0\u1ee1ng t\u1ed1t h\u01a1n.<\/p>\n<h3>3. <strong>Ch\u1ee9a ch\u1ea5t ch\u1ed1ng oxy h\u00f3a gi\u00fap c\u1ea3i thi\u1ec7n m\u00e0u s\u1eafc<\/strong><\/h3>\n<p>Rau bina l\u00e0 ngu\u1ed3n gi\u00e0u ch\u1ea5t ch\u1ed1ng oxy h\u00f3a t\u1ef1 nhi\u00ean, gi\u00fap b\u1ea3o v\u1ec7 t\u1ebf b\u00e0o c\u1ee7a t\u00e9p kh\u1ecfi c\u00e1c g\u1ed1c t\u1ef1 do, t\u1eeb \u0111\u00f3 c\u1ea3i thi\u1ec7n m\u00e0u s\u1eafc v\u00e0 t\u0103ng c\u01b0\u1eddng \u0111\u1ed9 b\u00f3ng c\u1ee7a t\u00e9p. \u0110\u1eb7c bi\u1ec7t \u0111\u1ed1i v\u1edbi t\u00e9p m\u00e1i, ch\u1ea5t ch\u1ed1ng oxy h\u00f3a gi\u00fap duy tr\u00ec s\u1eafc t\u1ed1 t\u1ef1 nhi\u00ean v\u00e0 v\u1ebb \u0111\u1eb9p t\u1ed5ng th\u1ec3 c\u1ee7a t\u00e9p.<\/p>\n<h3>4. <strong>D\u1ec5 ti\u00eau h\u00f3a v\u00e0 th\u00e2n thi\u1ec7n v\u1edbi m\u00f4i tr\u01b0\u1eddng<\/strong><\/h3>\n<p>\u0110\u01b0\u1ee3c l\u00e0m t\u1eeb rau bina t\u1ef1 nhi\u00ean, Spinach r\u1ea5t d\u1ec5 ti\u00eau h\u00f3a v\u00e0 kh\u00f4ng g\u00e2y c\u0103ng th\u1eb3ng cho h\u1ec7 ti\u00eau h\u00f3a c\u1ee7a t\u00e9p. S\u1ea3n ph\u1ea9m n\u00e0y tan t\u1eeb t\u1eeb trong n\u01b0\u1edbc, gi\u00fap t\u00e9p c\u00f3 th\u1eddi gian ti\u1ebfp c\u1eadn v\u00e0 \u0103n h\u1ebft th\u1ee9c \u0103n m\u00e0 kh\u00f4ng g\u00e2y \u00f4 nhi\u1ec5m hay \u1ea3nh h\u01b0\u1edfng \u0111\u1ebfn ch\u1ea5t l\u01b0\u1ee3ng n\u01b0\u1edbc.<\/p>\n<h3>5. <strong>Thi\u1ebft k\u1ebf ti\u1ec7n l\u1ee3i, d\u1ec5 s\u1eed d\u1ee5ng<\/strong><\/h3>\n<p>Spinach c\u1ee7a Shrimp Touch \u0111\u01b0\u1ee3c thi\u1ebft k\u1ebf d\u1ea1ng thanh nh\u1ecf nh\u1ecf g\u1ecdn, d\u1ec5 d\u00e0ng th\u1ea3 v\u00e0o b\u1ec3, t\u1ea1o \u0111i\u1ec1u ki\u1ec7n cho t\u00e9p \u0103n u\u1ed1ng d\u1ec5 d\u00e0ng. Ch\u1ec9 c\u1ea7n th\u1ea3 m\u1ed9t l\u01b0\u1ee3ng nh\u1ecf th\u1ee9c \u0103n l\u00e0 t\u00e9p \u0111\u00e3 c\u00f3 \u0111\u1ee7 dinh d\u01b0\u1ee1ng cho c\u1ea3 ng\u00e0y, gi\u00fap ti\u1ebft ki\u1ec7m th\u1eddi gian v\u00e0 chi ph\u00ed cho ng\u01b0\u1eddi nu\u00f4i.<\/p>\n<p>Spinach l\u00e0 s\u1ea3n ph\u1ea9m l\u00fd t\u01b0\u1edfng cho nh\u1eefng ai nu\u00f4i t\u00e9p c\u1ea3nh, \u0111\u1eb7c bi\u1ec7t l\u00e0 khi mu\u1ed1n \u0111\u1ea3m b\u1ea3o s\u1ee9c kh\u1ecfe v\u00e0 kh\u1ea3 n\u0103ng sinh s\u1ea3n c\u1ee7a t\u00e9p m\u00e1i. V\u1edbi ngu\u1ed3n d\u01b0\u1ee1ng ch\u1ea5t phong ph\u00fa t\u1eeb rau bina t\u1ef1 nhi\u00ean, s\u1ea3n ph\u1ea9m n\u00e0y kh\u00f4ng ch\u1ec9 h\u1ed7 tr\u1ee3 s\u1ee9c kh\u1ecfe m\u00e0 c\u00f2n gi\u00fap t\u00e9p \u0111\u1ea1t \u0111\u01b0\u1ee3c m\u00e0u s\u1eafc r\u1ef1c r\u1ee1 v\u00e0 s\u1ee9c s\u1ed1ng t\u1ed1i \u01b0u.<\/p>\n<h3>6. <strong>Quy c\u00e1ch \u0111\u00f3ng g\u00f3i<\/strong><\/h3>\n<p>G\u00f3i zip b\u1ea3o qu\u1ea3n 50gr<\/p>\n<p>H\u1ea1n s\u1eed d\u1ee5ng 2 n\u0103m<\/p>\n<p>Views: 57<\/p>","protected":false},"excerpt":{"rendered":"<p><strong>Spinach c\u1ee7a Shrimp Touch<\/strong> l\u00e0 th\u1ee9c \u0103n t\u00e9p c\u1ea3nh dinh d\u01b0\u1ee1ng h\u1eb1ng ng\u00e0y d\u00e0nh cho t\u00e9p, \u0111\u1eb7c bi\u1ec7t ph\u00f9 h\u1ee3p v\u1edbi t\u00e9p m\u00e1i \u0111ang trong giai \u0111o\u1ea1n sinh s\u1ea3n<\/p>\n","protected":false},"featured_media":27721,"comment_status":"open","ping_status":"closed","template":"","meta":[],"product_cat":[85],"product_tag":[174],"class_list":{"0":"post-27718","1":"product","2":"type-product","3":"status-publish","4":"has-post-thumbnail","6":"product_cat-thuc-an-chuyen-tep-canh","7":"product_tag-thuc-an-tep-canh","9":"first","10":"instock","11":"taxable","12":"shipping-taxable","13":"purchasable","14":"product-type-simple"},"jetpack_sharing_enabled":true,"_links":{"self":[{"href":"https:\/\/shrimptouch.com\/index.php\/wp-json\/wp\/v2\/product\/27718","targetHints":{"allow":["GET"]}}],"collection":[{"href":"https:\/\/shrimptouch.com\/index.php\/wp-json\/wp\/v2\/product"}],"about":[{"href":"https:\/\/shrimptouch.com\/index.php\/wp-json\/wp\/v2\/types\/product"}],"replies":[{"embeddable":true,"href":"https:\/\/shrimptouch.com\/index.php\/wp-json\/wp\/v2\/comments?post=27718"}],"version-history":[{"count":1,"href":"https:\/\/shrimptouch.com\/index.php\/wp-json\/wp\/v2\/product\/27718\/revisions"}],"predecessor-version":[{"id":27725,"href":"https:\/\/shrimptouch.com\/index.php\/wp-json\/wp\/v2\/product\/27718\/revisions\/27725"}],"wp:featuredmedia":[{"embeddable":true,"href":"https:\/\/shrimptouch.com\/index.php\/wp-json\/wp\/v2\/media\/27721"}],"wp:attachment":[{"href":"https:\/\/shrimptouch.com\/index.php\/wp-json\/wp\/v2\/media?parent=27718"}],"wp:term":[{"taxonomy":"product_cat","embeddable":true,"href":"https:\/\/shrimptouch.com\/index.php\/wp-json\/wp\/v2\/product_cat?post=27718"},{"taxonomy":"product_tag","embeddable":true,"href":"https:\/\/shrimptouch.com\/index.php\/wp-json\/wp\/v2\/product_tag?post=27718"}],"curies":[{"name":"wp","href":"https:\/\/api.w.org\/{rel}","templated":true}]}}