{"id":27390,"date":"2024-10-03T05:58:05","date_gmt":"2024-10-03T05:58:05","guid":{"rendered":"https:\/\/shrimptouch.com\/?post_type=product&#038;p=27390"},"modified":"2025-02-03T09:57:40","modified_gmt":"2025-02-03T09:57:40","slug":"st-02-vitamin-danh-rieng-cho-tep-canh-goi-30gr","status":"publish","type":"product","link":"https:\/\/shrimptouch.com\/index.php\/san-pham\/st-02-vitamin-danh-rieng-cho-tep-canh-goi-30gr\/","title":{"rendered":"ST-02 Vitamin d\u00e0nh ri\u00eang cho t\u00e9p c\u1ea3nh ( g\u00f3i 30gr)"},"content":{"rendered":"<div>\n<div>\n<p><strong>Vitamin ST-02<\/strong> c\u1ea3u Shrimp Touch l\u00e0 s\u1ea3n ph\u1ea9m b\u1ed5 sung dinh d\u01b0\u1ee1ng to\u00e0n di\u1ec7n d\u00e0nh cho t\u00e9p c\u1ea3nh, v\u1edbi c\u00f4ng th\u1ee9c ch\u1ee9a c\u00e1c lo\u1ea1i vitamin v\u00e0 acid amin thi\u1ebft y\u1ebfu gi\u00fap t\u0103ng c\u01b0\u1eddng s\u1ee9c kh\u1ecfe, h\u1ed7 tr\u1ee3 h\u1ec7 mi\u1ec5n d\u1ecbch, v\u00e0 c\u1ea3i thi\u1ec7n m\u00e0u s\u1eafc cho t\u00e9p c\u1ea3nh. C\u00e1c th\u00e0nh ph\u1ea7n c\u1ee7a Vitamin ST-02 \u0111\u01b0\u1ee3c l\u1ef1a ch\u1ecdn k\u1ef9 l\u01b0\u1ee1ng nh\u1eb1m \u0111\u1ea3m b\u1ea3o cung c\u1ea5p \u0111\u1ee7 d\u01b0\u1ee1ng ch\u1ea5t c\u1ea7n thi\u1ebft cho t\u00e9p, gi\u00fap ch\u00fang ph\u00e1t tri\u1ec3n kh\u1ecfe m\u1ea1nh v\u00e0 duy tr\u00ec th\u1ec3 tr\u1ea1ng t\u1ed1t trong m\u00f4i tr\u01b0\u1eddng th\u1ee7y sinh.<\/p>\n<h3>C\u00f4ng D\u1ee5ng C\u1ee7a T\u1eebng Th\u00e0nh Ph\u1ea7n:<\/h3>\n<ol>\n<li><strong>Vitamin A<\/strong>\n<ul>\n<li>Vitamin A \u0111\u00f3ng vai tr\u00f2 quan tr\u1ecdng trong vi\u1ec7c duy tr\u00ec th\u1ecb l\u1ef1c v\u00e0 t\u0103ng c\u01b0\u1eddng h\u1ec7 mi\u1ec5n d\u1ecbch cho t\u00e9p. \u0110\u1ed3ng th\u1eddi, vitamin A c\u00f2n gi\u00fap t\u00e9p ph\u00e1t tri\u1ec3n m\u00f4 v\u00e0 t\u1ebf b\u00e0o da, gi\u00fap ch\u00fang c\u00f3 m\u00e0u s\u1eafc r\u1ef1c r\u1ee1 v\u00e0 b\u00f3ng m\u01b0\u1ee3t h\u01a1n.<\/li>\n<\/ul>\n<\/li>\n<li><strong>Vitamin D3<\/strong>\n<ul>\n<li>Vitamin D3 c\u1ea7n thi\u1ebft cho vi\u1ec7c h\u1ea5p thu canxi v\u00e0 phospho, hai kho\u00e1ng ch\u1ea5t quan tr\u1ecdng gi\u00fap h\u00ecnh th\u00e0nh v\u00e0 duy tr\u00ec v\u1ecf ch\u1eafc kh\u1ecfe cho t\u00e9p. \u0110i\u1ec1u n\u00e0y \u0111\u1eb7c bi\u1ec7t quan tr\u1ecdng v\u1edbi c\u00e1c lo\u00e0i t\u00e9p c\u1ea3nh, v\u00ec v\u1ecf l\u00e0 l\u1edbp b\u1ea3o v\u1ec7 quan tr\u1ecdng gi\u00fap ch\u00fang ch\u1ed1ng l\u1ea1i c\u00e1c t\u00e1c \u0111\u1ed9ng t\u1eeb m\u00f4i tr\u01b0\u1eddng.<\/li>\n<\/ul>\n<\/li>\n<li><strong>Vitamin E<\/strong>\n<ul>\n<li>L\u00e0 m\u1ed9t ch\u1ea5t ch\u1ed1ng oxy h\u00f3a m\u1ea1nh, Vitamin E gi\u00fap b\u1ea3o v\u1ec7 t\u1ebf b\u00e0o c\u1ee7a t\u00e9p kh\u1ecfi c\u00e1c g\u1ed1c t\u1ef1 do, t\u0103ng c\u01b0\u1eddng h\u1ec7 mi\u1ec5n d\u1ecbch v\u00e0 ng\u0103n ng\u1eeba c\u00e1c v\u1ea5n \u0111\u1ec1 v\u1ec1 s\u1ee9c kh\u1ecfe. Vitamin E c\u00f2n h\u1ed7 tr\u1ee3 qu\u00e1 tr\u00ecnh sinh s\u1ea3n v\u00e0 ph\u00e1t tri\u1ec3n c\u1ee7a t\u00e9p m\u00e1i, gi\u00fap t\u0103ng kh\u1ea3 n\u0103ng sinh s\u1ea3n v\u00e0 ch\u0103m s\u00f3c con non.<\/li>\n<\/ul>\n<\/li>\n<li><strong>Vitamin K<\/strong>\n<ul>\n<li>Vitamin K c\u00f3 vai tr\u00f2 quan tr\u1ecdng trong qu\u00e1 tr\u00ecnh \u0111\u00f4ng m\u00e1u v\u00e0 b\u1ea3o v\u1ec7 h\u1ec7 x\u01b0\u01a1ng c\u1ee7a t\u00e9p. \u0110\u1ed1i v\u1edbi c\u00e1c lo\u00e0i t\u00e9p c\u1ea3nh d\u1ec5 b\u1ecb t\u1ed5n th\u01b0\u01a1ng khi l\u1ed9t v\u1ecf, Vitamin K s\u1ebd gi\u00fap ch\u00fang h\u1ea1n ch\u1ebf ch\u1ea3y m\u00e1u v\u00e0 mau l\u00e0nh sau khi l\u1ed9t v\u1ecf.<\/li>\n<\/ul>\n<\/li>\n<li><strong>Vitamin B Complex<\/strong>\n<ul>\n<li>Vitamin B, bao g\u1ed3m nhi\u1ec1u d\u1ea1ng nh\u01b0 B1, B2, B6, v\u00e0 B12, l\u00e0 c\u00e1c vitamin c\u1ea7n thi\u1ebft cho qu\u00e1 tr\u00ecnh chuy\u1ec3n h\u00f3a n\u0103ng l\u01b0\u1ee3ng v\u00e0 s\u1ea3n xu\u1ea5t n\u0103ng l\u01b0\u1ee3ng cho t\u00e9p. Ngo\u00e0i ra, Vitamin B gi\u00fap t\u0103ng c\u01b0\u1eddng h\u1ec7 th\u1ea7n kinh, t\u0103ng s\u1ee9c \u0111\u1ec1 kh\u00e1ng v\u00e0 gi\u1ea3m stress cho t\u00e9p trong m\u00f4i tr\u01b0\u1eddng th\u1ee7y sinh.<\/li>\n<\/ul>\n<\/li>\n<li><strong>Folic Acid<\/strong>\n<ul>\n<li>Folic Acid gi\u00fap h\u1ed7 tr\u1ee3 qu\u00e1 tr\u00ecnh ph\u00e2n chia v\u00e0 ph\u00e1t tri\u1ec3n t\u1ebf b\u00e0o c\u1ee7a t\u00e9p, \u0111\u1eb7c bi\u1ec7t quan tr\u1ecdng cho s\u1ef1 ph\u00e1t tri\u1ec3n c\u1ee7a t\u00e9p non v\u00e0 h\u1ed7 tr\u1ee3 t\u00e1i t\u1ea1o c\u00e1c m\u00f4 t\u1ebf b\u00e0o. Ngo\u00e0i ra, Folic Acid c\u00f2n gi\u00fap duy tr\u00ec s\u1ee9c kh\u1ecfe t\u1ed5ng th\u1ec3 c\u1ee7a t\u00e9p, t\u0103ng c\u01b0\u1eddng kh\u1ea3 n\u0103ng ch\u1ed1ng ch\u1ecbu v\u1edbi c\u00e1c \u0111i\u1ec1u ki\u1ec7n m\u00f4i tr\u01b0\u1eddng b\u1ea5t l\u1ee3i.<\/li>\n<\/ul>\n<\/li>\n<li><strong>Nicotinamide (Vitamin B3)<\/strong>\n<ul>\n<li>Nicotinamide gi\u00fap c\u1ea3i thi\u1ec7n qu\u00e1 tr\u00ecnh chuy\u1ec3n h\u00f3a lipid v\u00e0 t\u0103ng c\u01b0\u1eddng h\u1ec7 ti\u00eau h\u00f3a c\u1ee7a t\u00e9p, gi\u00fap ch\u00fang ti\u00eau h\u00f3a th\u1ee9c \u0103n t\u1ed1t h\u01a1n v\u00e0 t\u0103ng c\u01b0\u1eddng kh\u1ea3 n\u0103ng h\u1ea5p th\u1ee5 dinh d\u01b0\u1ee1ng.<\/li>\n<\/ul>\n<\/li>\n<li><strong>L-Lysine<\/strong>\n<ul>\n<li>L-Lysine l\u00e0 m\u1ed9t acid amin quan tr\u1ecdng gi\u00fap t\u0103ng c\u01b0\u1eddng s\u1ee9c kh\u1ecfe v\u00e0 ph\u00e1t tri\u1ec3n c\u01a1 th\u1ec3 c\u1ee7a t\u00e9p. Lysine h\u1ed7 tr\u1ee3 qu\u00e1 tr\u00ecnh t\u1ed5ng h\u1ee3p protein, gi\u00fap t\u00e9p ph\u00e1t tri\u1ec3n m\u1ea1nh m\u1ebd, t\u0103ng c\u01b0\u1eddng h\u1ec7 mi\u1ec5n d\u1ecbch, v\u00e0 c\u1ea3i thi\u1ec7n kh\u1ea3 n\u0103ng ch\u1ed1ng ch\u1ecdi v\u1edbi b\u1ec7nh t\u1eadt.<\/li>\n<\/ul>\n<\/li>\n<li><strong>DL-Methionine<\/strong>\n<ul>\n<li>DL-Methionine l\u00e0 m\u1ed9t acid amin thi\u1ebft y\u1ebfu gi\u00fap duy tr\u00ec ch\u1ee9c n\u0103ng gan, gi\u1ea3i \u0111\u1ed9c c\u01a1 th\u1ec3, v\u00e0 ng\u0103n ng\u1eeba c\u00e1c v\u1ea5n \u0111\u1ec1 v\u1ec1 h\u1ec7 ti\u00eau h\u00f3a c\u1ee7a t\u00e9p. Methionine c\u0169ng h\u1ed7 tr\u1ee3 qu\u00e1 tr\u00ecnh t\u1ed5ng h\u1ee3p protein v\u00e0 t\u0103ng c\u01b0\u1eddng s\u1ee9c kh\u1ecfe t\u1ed5ng th\u1ec3.<\/li>\n<\/ul>\n<\/li>\n<li><strong>Choline Chloride<\/strong>\n<ul>\n<li>Choline Chloride gi\u00fap t\u0103ng c\u01b0\u1eddng ch\u1ee9c n\u0103ng gan, gi\u00fap t\u00e9p ti\u00eau h\u00f3a t\u1ed1t h\u01a1n v\u00e0 t\u0103ng c\u01b0\u1eddng kh\u1ea3 n\u0103ng chuy\u1ec3n h\u00f3a n\u0103ng l\u01b0\u1ee3ng. \u0110\u00e2y l\u00e0 m\u1ed9t d\u01b0\u1ee1ng ch\u1ea5t quan tr\u1ecdng gi\u00fap duy tr\u00ec s\u1ee9c kh\u1ecfe v\u00e0 ng\u0103n ng\u1eeba c\u00e1c b\u1ec7nh v\u1ec1 gan cho t\u00e9p.<\/li>\n<\/ul>\n<\/li>\n<li><strong>Calcium Pantothenate (Vitamin B5)<\/strong>\n<ul>\n<li>Calcium Pantothenate l\u00e0 m\u1ed9t d\u1ea1ng c\u1ee7a Vitamin B5 gi\u00fap t\u0103ng c\u01b0\u1eddng ch\u1ee9c n\u0103ng h\u1ec7 th\u1ea7n kinh v\u00e0 h\u1ed7 tr\u1ee3 qu\u00e1 tr\u00ecnh chuy\u1ec3n h\u00f3a n\u0103ng l\u01b0\u1ee3ng. Ngo\u00e0i ra, Calcium Pantothenate c\u00f2n gi\u00fap t\u0103ng c\u01b0\u1eddng s\u1ee9c \u0111\u1ec1 kh\u00e1ng, gi\u00fap t\u00e9p ch\u1ed1ng l\u1ea1i c\u00e1c c\u0103ng th\u1eb3ng t\u1eeb m\u00f4i tr\u01b0\u1eddng th\u1ee7y sinh.<\/li>\n<\/ul>\n<\/li>\n<\/ol>\n<h3>T\u00e1c D\u1ee5ng T\u1ed5ng Quan:<\/h3>\n<p>Vitamin ST-02 v\u1edbi c\u00f4ng th\u1ee9c vitamin v\u00e0 acid amin phong ph\u00fa mang l\u1ea1i nhi\u1ec1u l\u1ee3i \u00edch v\u01b0\u1ee3t tr\u1ed9i, nh\u01b0 t\u0103ng c\u01b0\u1eddng s\u1ee9c kh\u1ecfe, h\u1ed7 tr\u1ee3 h\u1ec7 mi\u1ec5n d\u1ecbch, gi\u00fap v\u1ecf t\u00e9p ch\u1eafc kh\u1ecfe, m\u00e0u s\u1eafc t\u01b0\u01a1i s\u00e1ng, v\u00e0 kh\u1ea3 n\u0103ng sinh s\u1ea3n t\u1ed1t h\u01a1n. S\u1ea3n ph\u1ea9m ph\u00f9 h\u1ee3p cho c\u00e1c lo\u1ea1i t\u00e9p c\u1ea3nh v\u00e0 gi\u00fap ch\u00fang lu\u00f4n kh\u1ecfe m\u1ea1nh trong m\u00f4i tr\u01b0\u1eddng nu\u00f4i nh\u1ed1t.<\/p>\n<\/div>\n<ul>\n<li>Cung c\u1ea5p dinh d\u01b0\u1ee1ng \u0111\u1ea7y \u0111\u1ee7: Vitamin d\u1ea1ng b\u1ed9t ch\u1ee9a c\u00e1c lo\u1ea1i vitamin v\u00e0 kho\u00e1ng ch\u1ea5t c\u1ea7n thi\u1ebft gi\u00fap t\u00e9p ph\u00e1t tri\u1ec3n kh\u1ecfe m\u1ea1nh, m\u00e0u s\u1eafc r\u1ef1c r\u1ee1 v\u00e0 t\u0103ng s\u1ee9c \u0111\u1ec1 kh\u00e1ng.<\/li>\n<li>D\u1ec5 d\u00e0ng s\u1eed d\u1ee5ng: Ch\u1ec9 c\u1ea7n r\u1eafc m\u1ed9t l\u01b0\u1ee3ng nh\u1ecf vitamin v\u00e0o n\u01b0\u1edbc trong b\u1ec3, \u0111\u1ea3m b\u1ea3o t\u00e9p s\u1ebd h\u1ea5p th\u1ee5 \u0111\u01b0\u1ee3c d\u01b0\u1ee1ng ch\u1ea5t c\u1ea7n thi\u1ebft.<\/li>\n<li>T\u0103ng c\u01b0\u1eddng kh\u1ea3 n\u0103ng sinh s\u1ea3n: Vi\u1ec7c b\u1ed5 sung vitamin gi\u00fap t\u0103ng c\u01b0\u1eddng kh\u1ea3 n\u0103ng sinh s\u1ea3n c\u1ee7a t\u00e9p, g\u00f3p ph\u1ea7n duy tr\u00ec v\u00e0 ph\u00e1t tri\u1ec3n qu\u1ea7n th\u1ec3 t\u00e9p trong b\u1ec3.<\/li>\n<li>H\u1ed7 tr\u1ee3 qu\u00e1 tr\u00ecnh l\u1ed9t x\u00e1c: Vitamin c\u0169ng gi\u00fap t\u00e9p l\u1ed9t x\u00e1c d\u1ec5 d\u00e0ng h\u01a1n, gi\u1ea3m thi\u1ec3u nguy c\u01a1 b\u1ecb b\u1ec7nh trong qu\u00e1 tr\u00ecnh n\u00e0y.<\/li>\n<\/ul>\n<div>\n<p>T\u00f3m l\u1ea1i, vitamin d\u1ea1ng b\u1ed9t l\u00e0 m\u1ed9t ph\u1ea7n quan tr\u1ecdng trong vi\u1ec7c ch\u0103m s\u00f3c t\u00e9p c\u1ea3nh, \u0111\u1ea3m b\u1ea3o cho ch\u00fang lu\u00f4n kh\u1ecfe m\u1ea1nh v\u00e0 sinh tr\u01b0\u1edfng t\u1ed1t.<\/p>\n<ul>\n<li>C\u00e1ch s\u1eed d\u1ee5ng: H\u1ed3 50L n\u01b0\u1edbc s\u1eed d\u1ee5ng 2 l\u1ea7n\/tu\u1ea7n, m\u1ed7i l\u1ea7n 1-2gr.<\/li>\n<li>HSD : 12 th\u00e1ng t\u1eeb khi m\u1edf g\u00f3i.<\/li>\n<li>L\u01b0u \u00fd: tr\u00e1nh ti\u1ebfp x\u00fac v\u1edbi \u00e1nh s\u00e1ng m\u1eb7t tr\u1eddi v\u00e0 m\u00f4i tr\u01b0\u1eddng c\u00f3 \u1ea9m \u0111\u1ed9 cao.<\/li>\n<\/ul>\n<\/div>\n<\/div>\n<div id=\"eJOY__extension_root\" class=\"eJOY__extension_root_class\"><\/div>\n<p>Views: 240<\/p>","protected":false},"excerpt":{"rendered":"<p>Vitamin thi\u1ebft y\u1ebfu cho t\u00e9p c\u1ea3nh<\/p>\n<div id=\"eJOY__extension_root\" class=\"eJOY__extension_root_class\"><\/div>\n","protected":false},"featured_media":27642,"comment_status":"open","ping_status":"closed","template":"","meta":[],"product_cat":[77],"product_tag":[129,131,130],"class_list":{"0":"post-27390","1":"product","2":"type-product","3":"status-publish","4":"has-post-thumbnail","6":"product_cat-san-pham-cham-soc-ho-nuoi","7":"product_tag-nuoitepcanh","8":"product_tag-st02","9":"product_tag-vitamin","11":"first","12":"instock","13":"purchasable","14":"product-type-simple"},"jetpack_sharing_enabled":true,"_links":{"self":[{"href":"https:\/\/shrimptouch.com\/index.php\/wp-json\/wp\/v2\/product\/27390","targetHints":{"allow":["GET"]}}],"collection":[{"href":"https:\/\/shrimptouch.com\/index.php\/wp-json\/wp\/v2\/product"}],"about":[{"href":"https:\/\/shrimptouch.com\/index.php\/wp-json\/wp\/v2\/types\/product"}],"replies":[{"embeddable":true,"href":"https:\/\/shrimptouch.com\/index.php\/wp-json\/wp\/v2\/comments?post=27390"}],"version-history":[{"count":4,"href":"https:\/\/shrimptouch.com\/index.php\/wp-json\/wp\/v2\/product\/27390\/revisions"}],"predecessor-version":[{"id":27888,"href":"https:\/\/shrimptouch.com\/index.php\/wp-json\/wp\/v2\/product\/27390\/revisions\/27888"}],"wp:featuredmedia":[{"embeddable":true,"href":"https:\/\/shrimptouch.com\/index.php\/wp-json\/wp\/v2\/media\/27642"}],"wp:attachment":[{"href":"https:\/\/shrimptouch.com\/index.php\/wp-json\/wp\/v2\/media?parent=27390"}],"wp:term":[{"taxonomy":"product_cat","embeddable":true,"href":"https:\/\/shrimptouch.com\/index.php\/wp-json\/wp\/v2\/product_cat?post=27390"},{"taxonomy":"product_tag","embeddable":true,"href":"https:\/\/shrimptouch.com\/index.php\/wp-json\/wp\/v2\/product_tag?post=27390"}],"curies":[{"name":"wp","href":"https:\/\/api.w.org\/{rel}","templated":true}]}}